{"id":89,"date":"2015-04-02T19:37:07","date_gmt":"2015-04-02T17:37:07","guid":{"rendered":"http:\/\/www.stb-huemer.at\/stb\/?page_id=89"},"modified":"2016-10-11T12:53:08","modified_gmt":"2016-10-11T10:53:08","slug":"kanzlei","status":"publish","type":"page","link":"https:\/\/www.stb-huemer.at\/stb\/kanzlei\/","title":{"rendered":"unsere Spezialbereiche"},"content":{"rendered":"<p>Wir sind\u00a0ein starker Partner f\u00fcr<\/p>\n<ul>\n<li><strong>Trafikanten<\/strong><br \/>\nWir kennen die Besonderheiten Ihrer Branche aus vielen Jahren Begleitung von Trafikanten und k\u00f6nnen Ihnen daher mit praktisch umsetzbarem Rat zur Seite stehen.<br \/>\nWussten Sie z.B.\u00a0dass Ihr Zigarettenautomat meist den neuen Bestimmungen ohnehin entspricht? Oder dass die <a href=\"http:\/\/www.mvg.at\/\" target=\"_blank\">Tabakmonopolverwaltung <\/a>eine sehr informative Webseite hat?<\/li>\n<li><strong>Online-Shops<\/strong><br \/>\nWir kennen die Problematik der Rechnungslegung in Online-Shops von beiden Seiten &#8211; Kunde und Lieferant &#8211; und haben f\u00fcr Sie bisher noch immer den besten Weg f\u00fcr eine gesetzeskonforme L\u00f6sung gefunden. Wir achten auf die Schwellenwerte der einzelnen L\u00e4nder, f\u00fcr uns ist MOSS kein Fremdwort &#8211; es gibt auch in dieser Branche viele Besonderheiten, die uns seit Jahren bestens bekannt sind.<\/li>\n<li><strong>Juweliere, Goldschmiede und \u00e4hnliche Branchen<\/strong><br \/>\nAuch hier sind in den letzten Jahren von gesetzlicher Seite einige Stolpersteine aufgebaut worden &#8211; wir kennen sie und k\u00f6nnen Ihnen dabei helfen, diese aus dem Weg zu r\u00e4umen.<\/li>\n<\/ul>\n<p>Nat\u00fcrlich arbeiten wir auch gerne f\u00fcr andere Branchen. Wir bleiben am Laufenden, egal wie viele Neuerungen unser Finanzministerium beschliesst.<\/p>\n","protected":false},"excerpt":{"rendered":"<p>Wir sind\u00a0ein starker Partner f\u00fcr Trafikanten Wir kennen die Besonderheiten Ihrer Branche aus vielen Jahren Begleitung von Trafikanten und k\u00f6nnen Ihnen daher mit praktisch umsetzbarem Rat zur Seite stehen. Wussten&hellip; <br \/><a class=\"read-more-button\" href=\"https:\/\/www.stb-huemer.at\/stb\/kanzlei\/\">Mehr Lesen<\/a><\/p>\n","protected":false},"author":1,"featured_media":0,"parent":0,"menu_order":0,"comment_status":"closed","ping_status":"closed","template":"","meta":{"footnotes":""},"class_list":["post-89","page","type-page","status-publish","hentry"],"_links":{"self":[{"href":"https:\/\/www.stb-huemer.at\/stb\/wp-json\/wp\/v2\/pages\/89","targetHints":{"allow":["GET"]}}],"collection":[{"href":"https:\/\/www.stb-huemer.at\/stb\/wp-json\/wp\/v2\/pages"}],"about":[{"href":"https:\/\/www.stb-huemer.at\/stb\/wp-json\/wp\/v2\/types\/page"}],"author":[{"embeddable":true,"href":"https:\/\/www.stb-huemer.at\/stb\/wp-json\/wp\/v2\/users\/1"}],"replies":[{"embeddable":true,"href":"https:\/\/www.stb-huemer.at\/stb\/wp-json\/wp\/v2\/comments?post=89"}],"version-history":[{"count":0,"href":"https:\/\/www.stb-huemer.at\/stb\/wp-json\/wp\/v2\/pages\/89\/revisions"}],"wp:attachment":[{"href":"https:\/\/www.stb-huemer.at\/stb\/wp-json\/wp\/v2\/media?parent=89"}],"curies":[{"name":"wp","href":"https:\/\/api.w.org\/{rel}","templated":true}]}}