{"id":267,"date":"2016-07-21T16:52:05","date_gmt":"2016-07-21T14:52:05","guid":{"rendered":"http:\/\/www.stb-huemer.at\/stb\/?page_id=267"},"modified":"2016-07-22T15:51:06","modified_gmt":"2016-07-22T13:51:06","slug":"pendlerrechner","status":"publish","type":"page","link":"https:\/\/www.stb-huemer.at\/stb\/lohnverrechnung\/pendlerrechner\/","title":{"rendered":"Pendlerrechner"},"content":{"rendered":"<p><a href=\"https:\/\/pendlerrechner.bmf.gv.at\/\" target=\"_blank&quot;\"><b>Pendler-Rechner<\/b><\/a><br \/>\nEine Berechnungstool des Finanzministeriums, das Sie bzw Ihr Mitarbeiter ben\u00f6tigt, um das zustehende Pendlerpauschale bzw den Pendler-Euro festzustellen bzw zu beantragen.<\/p>\n<p>Wichtig dabei ist, dass f\u00fcr den Fall das Ihr(e) Mitarbeiter(in) eine laufende monatliche Ber\u00fccksichtigung des Pendlerpauschales w\u00fcnscht,\u00a0diese(r) selbst dieses Formular ausf\u00fcllen und\u00a0ausdrucken muss, und\u00a0danach den unterschrieben Antrag unserer Kanzlei\u00a0\u00fcbermittelt.<\/p>\n","protected":false},"excerpt":{"rendered":"<p>Pendler-Rechner Eine Berechnungstool des Finanzministeriums, das Sie bzw Ihr Mitarbeiter ben\u00f6tigt, um das zustehende Pendlerpauschale bzw den Pendler-Euro festzustellen bzw zu beantragen. Wichtig dabei ist, dass f\u00fcr den Fall das&hellip; <br \/><a class=\"read-more-button\" href=\"https:\/\/www.stb-huemer.at\/stb\/lohnverrechnung\/pendlerrechner\/\">Mehr Lesen<\/a><\/p>\n","protected":false},"author":1,"featured_media":0,"parent":14,"menu_order":0,"comment_status":"closed","ping_status":"closed","template":"","meta":{"footnotes":""},"class_list":["post-267","page","type-page","status-publish","hentry"],"_links":{"self":[{"href":"https:\/\/www.stb-huemer.at\/stb\/wp-json\/wp\/v2\/pages\/267","targetHints":{"allow":["GET"]}}],"collection":[{"href":"https:\/\/www.stb-huemer.at\/stb\/wp-json\/wp\/v2\/pages"}],"about":[{"href":"https:\/\/www.stb-huemer.at\/stb\/wp-json\/wp\/v2\/types\/page"}],"author":[{"embeddable":true,"href":"https:\/\/www.stb-huemer.at\/stb\/wp-json\/wp\/v2\/users\/1"}],"replies":[{"embeddable":true,"href":"https:\/\/www.stb-huemer.at\/stb\/wp-json\/wp\/v2\/comments?post=267"}],"version-history":[{"count":0,"href":"https:\/\/www.stb-huemer.at\/stb\/wp-json\/wp\/v2\/pages\/267\/revisions"}],"up":[{"embeddable":true,"href":"https:\/\/www.stb-huemer.at\/stb\/wp-json\/wp\/v2\/pages\/14"}],"wp:attachment":[{"href":"https:\/\/www.stb-huemer.at\/stb\/wp-json\/wp\/v2\/media?parent=267"}],"curies":[{"name":"wp","href":"https:\/\/api.w.org\/{rel}","templated":true}]}}