{"id":261,"date":"2016-07-21T16:42:21","date_gmt":"2016-07-21T14:42:21","guid":{"rendered":"http:\/\/www.stb-huemer.at\/stb\/?page_id=261"},"modified":"2023-04-03T12:11:43","modified_gmt":"2023-04-03T11:11:43","slug":"neue-mitarbeiter-anmelden","status":"publish","type":"page","link":"https:\/\/www.stb-huemer.at\/stb\/lohnverrechnung\/neue-mitarbeiter-anmelden\/","title":{"rendered":"neue Mitarbeiter anmelden"},"content":{"rendered":"<blockquote><p>aktualisiert\u00a0 03.04.2023:<\/p>\n<p><strong>Vor-Ort-Anmeldung<\/strong><br \/>\nNun gibt es doch wieder f\u00fcr Notf\u00e4lle eine Telefonnummer und ein neues Faxformular f\u00fcr eine Vor-Ort-Anmeldung, falls weder Internet noch Steuerberater verf\u00fcgbar sind.<br \/>\nHier die Links zu den Infos der GKK:<br \/>\nWebseite mit Infos: <a href=\"https:\/\/www.elda.at\/cdscontent\/?contentid=10007.797418&amp;viewmode=content\" target=\"_blank\" rel=\"noopener noreferrer\">Vor-Ort-Anmeldung &#8211; so geht&#8217;s<\/a><br \/>\nneues Fax-Formular: <a href=\"https:\/\/www.elda.at\/cdscontent\/load?contentid=10008.740591&amp;version=1605601057\" target=\"_blank\" rel=\"noopener noreferrer\">Download direkt bei Elda<\/a> und faxen an 050 766 1461<br \/>\nTelefonnummer f\u00fcr Notf\u00e4lle: 05 7807 60<\/p>\n<p>oder Sie nutzen die Elda App daf\u00fcr &#8211; kostenlos erh\u00e4ltlich in jedem App-Store<\/p><\/blockquote>\n<p>Ab 2019 gab es wesentliche \u00c4nderungen. Hier der Link zu den damals <a href=\"https:\/\/www.stb-huemer.at\/stb\/voellig-neu-ab-2019-mitarbeiter-anmelden-und-aenderungen-melden\/\" target=\"_blank\" rel=\"noopener noreferrer\">aktuellsten Informationen zur Mitarbeiteranmeldung<\/a>. Auch ab 1.1.2019 werden Sie hier selbst Ihre Mitarbeiter anmelden k\u00f6nnen &#8211; selbst wenn es dann nicht mehr &#8222;Mindestanmeldung&#8220;, sondern nur mehr &#8222;Anmeldung&#8220; heisst. Lassen Sie sich also nicht verwirren.<\/p>\n<p>Wir stellen Ihnen auch ein Muster-Datenblatt zur Verf\u00fcgung, damit Sie sehen, welche Daten f\u00fcr die Lohnverrechnung gebraucht werden. <a href=\"https:\/\/www.stb-huemer.at\/stb\/wp-content\/uploads\/2022\/08\/pdf-Datenblatt-zur-Mitarbeiteranmeldung.pdf\" target=\"_blank\" rel=\"noopener\">Hier der Link darauf<\/a><\/p>\n<p>Und hier geht&#8217;s<b><a href=\"https:\/\/www.elda.at\/cdscontent\/?contentid=10007.682459&amp;viewmode=content\" target=\"_blank\" rel=\"noopener noreferrer\"> zu den Infos \u00fcber das neue ELDA Online<\/a><\/b><br \/>\nMittels der neuen ELDA App k\u00f6nnen Sie seit 1.1.2019 Ihre Mitarbeiter wirklich p\u00fcnktlich VOR Dienstantritt selbst anmelden &#8211; mit relativ wenigen Daten sind Sie bereits dazu in der Lage. Die App erhalten Sie im App-Store Ihres Anbieters. Sie haben anschliessend einige Tage Zeit, die vollst\u00e4ndigen Daten zu sammeln und uns bekannt zu geben.<\/p>\n<p>Die Anmeldung mittels App ist vor allem immer dann unbedingt notwendig, wenn Sie kurzfristig neue Mitarbeiter einstellen und diese sofort die Arbeit aufnehmen.\u00a0Unsere Kanzlei\u00f6ffnungszeiten k\u00f6nnen nie\u00a0den gesamten n\u00f6tigen Zeitraum f\u00fcr derartige Anmeldungen abdecken.<\/p>\n<p>Wichtig ist, dass Sie die dabei erzeugte <strong>Meldebest\u00e4tigung<\/strong> (pdf-Datei) ausdrucken, archivieren und an unsere Kanzlei per E-Mail versenden. Bitte vergessen Sie nicht, uns umgehend auch die \u00fcbrigen n\u00f6tigen Daten (wie gewohnt) per E-Mail bekannt zu geben. Hier unsere Checkliste, damit auch keine n\u00f6tigen Daten vergessen werden -&gt;\u00a0<a href=\"https:\/\/www.stb-huemer.at\/stb\/wp-content\/uploads\/2019\/01\/checkliste_neuanmeldung_LV.pdf\" target=\"_blank\" rel=\"noopener noreferrer\">Checkliste f\u00fcr Anmeldung Mitarbeiter<\/a><\/p>\n<p>Das bisher verwendbare Faxformular f\u00fcr die Mindestanmeldung ist leider nicht mehr g\u00fcltig ab 2019. Auch telefonisch kann man nicht mehr anmelden. Einzig und allein die neue APP erm\u00f6glicht es Ihnen wirklich zeitnah VOR Dienstantritt dem Gesetzgeber gen\u00fcge zu tun.<\/p>\n<blockquote><p><strong>neu ab 01\/2019<\/strong>\u00a0: die neue\u00a0<a href=\"https:\/\/www.stb-huemer.at\/stb\/die-neue-elda-app-fuer-die-erstanmeldung\/\">kostenlose ELDA App der GKK<\/a><\/p>\n<p>Um die ELDA App vollst\u00e4ndig nutzen zu k\u00f6nnen ben\u00f6tigen Sie:<\/p>\n<ul>\n<li>eine Handysignatur<\/li>\n<li>eine ELDA Seriennummer und<\/li>\n<li>die Berechtigung &#8222;ELDA Online Erfassung&#8220; in ELDA Online<\/li>\n<\/ul>\n<\/blockquote>\n<p>Die neue ELDA App ist sowohl im Google Play-Store als auch im Apple App-Store kostenlos erh\u00e4ltlich.<\/p>\n<p>Und hier der <a href=\"https:\/\/www.sozialversicherung.at\/cdscontent\/?contentid=10007.750642\" target=\"_blank\" rel=\"noopener noreferrer\">Link zu allen aktuellen Online-Services der Sozialversicherung<\/a><\/p>\n<p>&nbsp;<\/p>\n","protected":false},"excerpt":{"rendered":"<p>aktualisiert\u00a0 03.04.2023: Vor-Ort-Anmeldung Nun gibt es doch wieder f\u00fcr Notf\u00e4lle eine Telefonnummer und ein neues Faxformular f\u00fcr eine Vor-Ort-Anmeldung, falls weder Internet noch Steuerberater verf\u00fcgbar sind. Hier die Links zu&hellip; <br \/><a class=\"read-more-button\" href=\"https:\/\/www.stb-huemer.at\/stb\/lohnverrechnung\/neue-mitarbeiter-anmelden\/\">Mehr Lesen<\/a><\/p>\n","protected":false},"author":1,"featured_media":254,"parent":14,"menu_order":0,"comment_status":"closed","ping_status":"closed","template":"","meta":{"footnotes":""},"class_list":["post-261","page","type-page","status-publish","has-post-thumbnail","hentry"],"_links":{"self":[{"href":"https:\/\/www.stb-huemer.at\/stb\/wp-json\/wp\/v2\/pages\/261","targetHints":{"allow":["GET"]}}],"collection":[{"href":"https:\/\/www.stb-huemer.at\/stb\/wp-json\/wp\/v2\/pages"}],"about":[{"href":"https:\/\/www.stb-huemer.at\/stb\/wp-json\/wp\/v2\/types\/page"}],"author":[{"embeddable":true,"href":"https:\/\/www.stb-huemer.at\/stb\/wp-json\/wp\/v2\/users\/1"}],"replies":[{"embeddable":true,"href":"https:\/\/www.stb-huemer.at\/stb\/wp-json\/wp\/v2\/comments?post=261"}],"version-history":[{"count":0,"href":"https:\/\/www.stb-huemer.at\/stb\/wp-json\/wp\/v2\/pages\/261\/revisions"}],"up":[{"embeddable":true,"href":"https:\/\/www.stb-huemer.at\/stb\/wp-json\/wp\/v2\/pages\/14"}],"wp:featuredmedia":[{"embeddable":true,"href":"https:\/\/www.stb-huemer.at\/stb\/wp-json\/wp\/v2\/media\/254"}],"wp:attachment":[{"href":"https:\/\/www.stb-huemer.at\/stb\/wp-json\/wp\/v2\/media?parent=261"}],"curies":[{"name":"wp","href":"https:\/\/api.w.org\/{rel}","templated":true}]}}