{"id":2326,"date":"2021-01-18T18:28:27","date_gmt":"2021-01-18T17:28:27","guid":{"rendered":"https:\/\/www.stb-huemer.at\/stb\/?page_id=2326"},"modified":"2021-04-22T10:20:43","modified_gmt":"2021-04-22T09:20:43","slug":"bmd-com-unser-klientenportal","status":"publish","type":"page","link":"https:\/\/www.stb-huemer.at\/stb\/bmd-com-unser-klientenportal\/","title":{"rendered":"BMD Com &#8211; unser Klientenportal"},"content":{"rendered":"<div id=\"attachment_2350\" style=\"width: 144px\" class=\"wp-caption alignright\"><a href=\"https:\/\/asp.bmd.at\/bmdcom209946\/bmdcom2.dll\" target=\"_blank\" rel=\"https:\/\/asp.bmd.at\/bmdcom209946\/bmdcom2.dll noopener\"><img loading=\"lazy\" decoding=\"async\" aria-describedby=\"caption-attachment-2350\" class=\"wp-image-2350\" src=\"https:\/\/www.stb-huemer.at\/stb\/wp-content\/uploads\/2021\/01\/bmdcom.png\" alt=\"Login BMD Com\" width=\"134\" height=\"33\" \/><\/a><p id=\"caption-attachment-2350\" class=\"wp-caption-text\">Ihr Login<\/p><\/div>\n<p>Das BMD Com-Klientenportal erleichtert die Kommunikation und Zusammenarbeit mit uns und stellt Ihnen die neuesten Informationen rund um die Uhr automatisch zur Verf\u00fcgung. Wir sind gerade dabei, diese Funktion allen zur Verf\u00fcgung stellen zu k\u00f6nnen und arbeiten mit einigen Klienten bereits aktiv damit.<\/p>\n<ul>\n<li><strong>Welchen Nutzen haben Sie davon?<\/strong><\/li>\n<\/ul>\n<p>\u00dcber die praktische\u00a0<strong>BMD Com-App<\/strong> nehmen Sie ganz einfach \u00fcber das Tablet oder Smartphone Einsicht in die f\u00fcr Sie relevanten Informationen &#8211; quasi direkt in die laufende Buchhaltung. Sie agieren damit komplett unabh\u00e4ngig und sind nicht mehr l\u00e4nger an Kanzlei\u00f6ffnungszeiten oder separate Terminvereinbarungen gebunden. Sie brauchen auch nicht mehr viele Emails nach der vom Steuerberater durchsuchen, um an Ihre letzte Saldenliste oder die aktuelle UVA-Berechnung zu kommen.<\/p>\n<p>Dank BMD Com k\u00f6nnen Sie Belege rasch und einfach einscannen und zur papierlosen Verbuchung hochladen. <strong>Ohne weiteren Zwischenschritt<\/strong> stehen diese automatisch f\u00fcr die Weiterbearbeitung in der Kanzlei zur Verf\u00fcgung. Dies spart wertvolle Kapazit\u00e4ten und reduziert vormals langwierige Arbeitsschritte f\u00fcr Sie auf ein Minimum.<\/p>\n<ul>\n<li><strong>Rechnungen schreiben<\/strong><\/li>\n<\/ul>\n<p>F\u00fcr Ein-Personen-Unternehmen und kleine Betriebe bietet BMD Com eine integrierte L\u00f6sung zur Online-Fakturierung. Das Tool <strong>Faktura Com<\/strong> erm\u00f6glicht es Ihnen, korrekte Rechnungen einfach und rasch zu erstellen. Es ist damit nicht mehr notwendig, dass Sie sich in Tabellenkalkulations- und Textverarbeitungssoftware mit Problemen wie fehlenden Rechnungsmerkmalen, der doppelten Vergabe von Rechnungsnummern oder nicht upgedateten Summen bzw. Steuerbetr\u00e4gen herumschlagen.<\/p>\n<ul>\n<li><strong>Vereinfachte Datenerfassung f\u00fcr die Lohnverrechnung:<\/strong><\/li>\n<\/ul>\n<p>Ihre Mitarbeiter buchen ihre Arbeitszeiten flexibel von jedem beliebigen Standort aus, sofern eine Internetverbindung vorhanden ist. \u00dcber BMD Com lassen sich zahlreiche Zeitfunktionen einfach steuern, wie z. B. die Durchf\u00fchrung von Zeitbuchungen, Urlaubsantr\u00e4gen und Termingenehmigungen. Diese werden in der Zeiterfassung weiterverarbeitet. Am Monatsende lassen sich die bewerteten Zeitbuchungen reibungslos in die <strong>Lohnverrechnung<\/strong> \u00fcberleiten. Das erspart das unsichere Versenden per Email von lohnrelevanten Unterlagen.<\/p>\n<p>Zus\u00e4tzlich beinhalten die BMD Com-Lohnfunktionen eine mobile Erfassung von Reisekosten, eine Lohnartenvorerfassung (z. B. f\u00fcr monatlich wechselnde Pr\u00e4mien), eine Vorerfassung f\u00fcr Nichtleistungszeiten (z. B. bei Urlauben und Krankenst\u00e4nden) sowie eine elektronische Verf\u00fcgbarkeit von Lohnzetteln und vieles mehr.<\/p>\n<p>BMD Com bietet Ihnen auch die M\u00f6glichkeit, Lohnkonten rund um die Uhr abzufragen. Sie profitieren von interaktiven Lohnauswertungen und behalten so den besseren \u00dcberblick. F\u00fcr Sie bedeutet dies gleichzeitig einen beachtlichen Zugewinn an Zeit, Sicherheit und aktueller Information.<\/p>\n<ul>\n<li><strong>Datensicherheit:<\/strong><\/li>\n<\/ul>\n<p>Mit dem BMD Com-Klientenportal arbeiten alle Beteiligten nicht nur effizienter, sondern auch sicherer. Der gesamte Datenaustausch erfolgt verschl\u00fcsselt \u00fcber einen gesicherten Zugang. Dar\u00fcber hinaus sorgt eine optionale Zwei-Faktor-Authentifizierung f\u00fcr ein h\u00f6chstes Level an Sicherheit.<\/p>\n<blockquote><p><em>Wenn Sie daran Interesse haben, kommen Sie einfach auf uns zu.<\/em><\/p><\/blockquote>\n<p>Hier auch der Link zu unserem Beitrag, der per NL versendet wurde -&gt;<a href=\"https:\/\/www.stb-huemer.at\/stb\/2021\/01\/27\/unsere-neue-klientenplattform-bmd-com-fuer-papierlosen-belegaustausch-und-mehr-information\/\" target=\"_blank\" rel=\"noopener\">unsere neue Kllienten-Plattform<\/a><\/p>\n","protected":false},"excerpt":{"rendered":"<p>Das BMD Com-Klientenportal erleichtert die Kommunikation und Zusammenarbeit mit uns und stellt Ihnen die neuesten Informationen rund um die Uhr automatisch zur Verf\u00fcgung. Wir sind gerade dabei, diese Funktion allen&hellip; <br \/><a class=\"read-more-button\" href=\"https:\/\/www.stb-huemer.at\/stb\/bmd-com-unser-klientenportal\/\">Mehr Lesen<\/a><\/p>\n","protected":false},"author":1,"featured_media":0,"parent":0,"menu_order":0,"comment_status":"closed","ping_status":"closed","template":"","meta":{"footnotes":""},"class_list":["post-2326","page","type-page","status-publish","hentry"],"_links":{"self":[{"href":"https:\/\/www.stb-huemer.at\/stb\/wp-json\/wp\/v2\/pages\/2326","targetHints":{"allow":["GET"]}}],"collection":[{"href":"https:\/\/www.stb-huemer.at\/stb\/wp-json\/wp\/v2\/pages"}],"about":[{"href":"https:\/\/www.stb-huemer.at\/stb\/wp-json\/wp\/v2\/types\/page"}],"author":[{"embeddable":true,"href":"https:\/\/www.stb-huemer.at\/stb\/wp-json\/wp\/v2\/users\/1"}],"replies":[{"embeddable":true,"href":"https:\/\/www.stb-huemer.at\/stb\/wp-json\/wp\/v2\/comments?post=2326"}],"version-history":[{"count":0,"href":"https:\/\/www.stb-huemer.at\/stb\/wp-json\/wp\/v2\/pages\/2326\/revisions"}],"wp:attachment":[{"href":"https:\/\/www.stb-huemer.at\/stb\/wp-json\/wp\/v2\/media?parent=2326"}],"curies":[{"name":"wp","href":"https:\/\/api.w.org\/{rel}","templated":true}]}}