{"id":20,"date":"2015-04-02T11:49:21","date_gmt":"2015-04-02T09:49:21","guid":{"rendered":"http:\/\/www.stb-huemer.at\/stb\/?page_id=20"},"modified":"2024-11-28T09:27:33","modified_gmt":"2024-11-28T07:27:33","slug":"impressum","status":"publish","type":"page","link":"https:\/\/www.stb-huemer.at\/stb\/impressum\/","title":{"rendered":"Kontakt \/ Impressum"},"content":{"rendered":"<p style=\"text-align: center;\">Mag.Harald Huemer<\/p>\n<p style=\"text-align: center;\">4490 St.Florian, Leopold-Kotzmann-Stra\u00dfe 11b, 2.Stk.<\/p>\n<p style=\"text-align: center;\">Tel. 07224\/22472<br \/>\nFax 0732\/210022-1122<\/p>\n<p style=\"text-align: center;\">Email: <a href=\"mailto:office@stb-huemer.at\">office[at]stb-huemer.at<\/a><\/p>\n<p style=\"text-align: center;\">&#8230; und so finden Sie zu uns:<\/p>\n<p style=\"text-align: center;\">\u00a0<iframe loading=\"lazy\" style=\"border: 0px currentColor;\" src=\"https:\/\/www.google.com\/maps\/embed?pb=!1m18!1m12!1m3!1d2659.025053621557!2d14.38082581585879!3d48.20613335436234!2m3!1f0!2f0!3f0!3m2!1i1024!2i768!4f13.1!3m3!1m2!1s0x4773beb013872237%3A0xf6532d9df4d1208!2sLeopold-Kotzmann-Stra%C3%9Fe+11b%2C+4490+St.+Florian!5e0!3m2!1sde!2sat!4v1468928417203\" width=\"600\" height=\"450\" frameborder=\"0\" allowfullscreen=\"allowfullscreen\"><\/iframe><\/p>\n<p style=\"text-align: left;\">Aufsichtsbeh\u00f6rde:\u00a0<a href=\"http:\/\/www.kwt.or.at\/desktopdefault.aspx\/tabid-90\" target=\"_blank\" rel=\"noopener\">Kammer der Wirtschaftstreuh\u00e4nder<\/a>\u00a0in \u00d6sterreich<br \/>\nWT-Code 216288<\/p>\n<p style=\"text-align: left;\">eingetragenes Mitglied bei der <a href=\"http:\/\/www.steuerberaterkammer-muenchen.de\/\" target=\"_blank\" rel=\"noopener\">Steuerberaterkammer in M\u00fcnchen<br \/>\n<\/a>Reg.Nr. 400154<\/p>\n<p style=\"text-align: left;\">UID-Nummer: ATU60474427<br \/>\nDVR-Nummer: 4008747<\/p>\n<p>&nbsp;<\/p>\n<p><em>Webentwicklung: www.webbix.at<\/em><\/p>\n<p><em>Bildquellen: Datenbanken webbix.at, private Fotos und pixabay<\/em><\/p>\n<h3><\/h3>\n<h3>Disclaimer \u2013 rechtliche Hinweise<\/h3>\n<p><strong>1. Haftungsbeschr\u00e4nkung<\/strong><br \/>\nDie Inhalte des Internetauftritts wurden mit gr\u00f6\u00dftm\u00f6glicher Sorgfalt und nach bestem Wissen und Gewissen erstellt. Dennoch \u00fcbernimmt der Anbieter dieser Webseite keine Gew\u00e4hr f\u00fcr die Aktualit\u00e4t, Vollst\u00e4ndigkeit und Richtigkeit der bereitgestellten Seiten und Inhalte. Somit wird auch keinerlei Haftung f\u00fcr Sch\u00e4den \u00fcbernommen, die auf die Nutzung von allenfalls unvollst\u00e4ndigen oder fehlerhaften Informationen zur\u00fcckzuf\u00fchren sind.<\/p>\n<p>Der Inhalt des Internetauftritts kann jederzeit ohne vorherige Ank\u00fcndigung ge\u00e4ndert, erg\u00e4nzt oder entfernt werden. Der Diensteanbieter \u00fcbernimmt daher auch\u00a0in diesem Zusammenhang keine Garantie f\u00fcr die Qualit\u00e4t, Korrektheit, Aktualit\u00e4t, Vollst\u00e4ndigkeit und Richtigkeit der ver\u00f6ffentlichten Informationen.<\/p>\n<p>Als Diensteanbieter ist der Anbieter dieser Webseite gem\u00e4\u00df \u00a7 17 ECG nicht verpflichtet, \u00fcbermittelte oder gespeicherte fremde Informationen zu \u00fcberwachen. Eine Entfernung oder Sperrung dieser Inhalte erfolgt umgehend ab dem Zeitpunkt der Kenntnis einer konkreten Rechtsverletzung. Eine Haftung ist erst ab dem Zeitpunkt der Kenntniserlangung m\u00f6glich.<\/p>\n<p><strong>2. Externe Links<\/strong><br \/>\nDie Webseite enth\u00e4lt sog. \u201eexterne Links\u201c (Verlinkungen) zu anderen Webseiten, auf deren Inhalt der Anbieter der Webseite keinen Einfluss hat und die somit au\u00dferhalb seines Verantwortungsbereichs liegen.<br \/>\nF\u00fcr die Inhalte und Richtigkeit der bereitgestellten Informationen ist der jeweilige Anbieter der verlinkten Webseite verantwortlich, somit haftet ausschlie\u00dflich und alleine dieser f\u00fcr den Inhalt der fremden Webseiten. Zum Zeitpunkt der Verlinkung waren keine Rechtsverst\u00f6\u00dfe erkennbar. Bei Bekanntwerden einer solchen Rechtsverletzung wird der Link umgehend entfernt bzw. unterbunden.<\/p>\n<p><strong>3. Urheberrecht<\/strong><br \/>\nDie auf dieser Webseite ver\u00f6ffentlichten Inhalte, Werke und bereitgestellten Informationen unterliegen dem \u00f6sterreichischen Urheberrecht. Jede Art der Vervielf\u00e4ltigung, Bearbeitung, Verbreitung, Einspeicherung &#8211; auch nur in Teilen oder in \u00fcberarbeiteter Form &#8211; und jede Art der Verwertung au\u00dferhalb der Grenzen des Urheberrechts ist grunds\u00e4tzlich untersagt bzw. bedarf der vorherigen schriftlichen Zustimmung des jeweiligen Rechteinhabers. Das unerlaubte Kopieren\/Speichern der bereitgestellten Informationen auf diesen Webseiten ist nicht gestattet und strafbar.<\/p>\n<p><strong>4. Datenschutz<\/strong><br \/>\nDurch den Besuch des Internetauftritts k\u00f6nnen Informationen (Datum, Uhrzeit, aufgerufene Seite) \u00fcber den Zugriff auf dem Server gespeichert werden. Es werden in der Regel keine personenbezogenen Daten (z. B. Name, Anschrift oder E-Mail-Adresse) gespeichert.<\/p>\n<p>Sofern doch personenbezogene Daten erhoben werden, erfolgt dies, soweit m\u00f6glich, stets auf freiwilliger Basis bzw. nur mit dem vorherigen Einverst\u00e4ndnis des Nutzers der Webseite. Eine Weitergabe der Daten an Dritte findet ohne ausdr\u00fcckliche Zustimmung des Nutzers nicht statt.<\/p>\n<p>Der Anbieter weist darauf hin, dass die \u00dcbertragung von Daten im Internet (z. B. per E-Mail) Sicherheitsl\u00fccken aufweisen und ein l\u00fcckenloser Schutz der Daten vor dem Zugriff Dritter nicht gew\u00e4hrleistet werden kann. Der Anbieter \u00fcbernimmt keine Haftung f\u00fcr die durch solche Sicherheitsl\u00fccken entstandenen Sch\u00e4den.<\/p>\n<p>Der Verwendung der Kontaktdaten durch Dritte zur gewerblichen Nutzung wird ausdr\u00fccklich widersprochen. Es sei denn, der Anbieter hat zuvor seine schriftliche Einwilligung erteilt.<br \/>\nDer Anbieter beh\u00e4lt sich rechtliche Schritte f\u00fcr den Fall der unverlangten Zusendung von Werbeinformationen, z. B. durch Spam-Mails, vor.<\/p>\n<p><a href=\"https:\/\/www.stb-huemer.at\/stb\/wp-content\/uploads\/2018\/05\/logodsgvo.jpg\"><img loading=\"lazy\" decoding=\"async\" class=\"wp-image-876 alignleft\" src=\"https:\/\/www.stb-huemer.at\/stb\/wp-content\/uploads\/2018\/05\/logodsgvo.jpg\" alt=\"\" width=\"83\" height=\"55\" srcset=\"https:\/\/www.stb-huemer.at\/stb\/wp-content\/uploads\/2018\/05\/logodsgvo.jpg 275w, https:\/\/www.stb-huemer.at\/stb\/wp-content\/uploads\/2018\/05\/logodsgvo-150x100.jpg 150w\" sizes=\"auto, (max-width: 83px) 100vw, 83px\" \/><\/a><\/p>\n<p><a href=\"https:\/\/www.stb-huemer.at\/stb\/team\/dsgvo\/\">zur DSGVO neu &#8211; g\u00fcltig ab 25.05.2018 &#8211; klick hier<\/a><\/p>\n<p><strong>5. Schlussbestimmung<br \/>\n<\/strong>Der Nutzer der vom Diensteanbieter bereitgestellten Informationen akzeptiert die gegenst\u00e4ndlichen Nutzungsbedingungen. Sollten Teile dieser Nutzungsbedingungen rechtsunwirksam sein oder der aktuell geltenden Rechtslage nicht mehr vollst\u00e4ndig entsprechen, so wird dadurch der Inhalt und die G\u00fcltigkeit der \u00fcbrigen Nutzungsbedingungen nicht ber\u00fchrt.<\/p>\n","protected":false},"excerpt":{"rendered":"<p>Mag.Harald Huemer 4490 St.Florian, Leopold-Kotzmann-Stra\u00dfe 11b, 2.Stk. Tel. 07224\/22472 Fax 0732\/210022-1122 Email: office[at]stb-huemer.at &#8230; und so finden Sie zu uns: \u00a0 Aufsichtsbeh\u00f6rde:\u00a0Kammer der Wirtschaftstreuh\u00e4nder\u00a0in \u00d6sterreich WT-Code 216288 eingetragenes Mitglied bei&hellip; <br \/><a class=\"read-more-button\" href=\"https:\/\/www.stb-huemer.at\/stb\/impressum\/\">Mehr Lesen<\/a><\/p>\n","protected":false},"author":1,"featured_media":0,"parent":0,"menu_order":6,"comment_status":"closed","ping_status":"closed","template":"","meta":{"footnotes":""},"class_list":["post-20","page","type-page","status-publish","hentry"],"_links":{"self":[{"href":"https:\/\/www.stb-huemer.at\/stb\/wp-json\/wp\/v2\/pages\/20","targetHints":{"allow":["GET"]}}],"collection":[{"href":"https:\/\/www.stb-huemer.at\/stb\/wp-json\/wp\/v2\/pages"}],"about":[{"href":"https:\/\/www.stb-huemer.at\/stb\/wp-json\/wp\/v2\/types\/page"}],"author":[{"embeddable":true,"href":"https:\/\/www.stb-huemer.at\/stb\/wp-json\/wp\/v2\/users\/1"}],"replies":[{"embeddable":true,"href":"https:\/\/www.stb-huemer.at\/stb\/wp-json\/wp\/v2\/comments?post=20"}],"version-history":[{"count":0,"href":"https:\/\/www.stb-huemer.at\/stb\/wp-json\/wp\/v2\/pages\/20\/revisions"}],"wp:attachment":[{"href":"https:\/\/www.stb-huemer.at\/stb\/wp-json\/wp\/v2\/media?parent=20"}],"curies":[{"name":"wp","href":"https:\/\/api.w.org\/{rel}","templated":true}]}}