{"id":18,"date":"2015-04-02T11:48:42","date_gmt":"2015-04-02T09:48:42","guid":{"rendered":"http:\/\/www.stb-huemer.at\/stb\/?page_id=18"},"modified":"2016-07-23T16:11:06","modified_gmt":"2016-07-23T14:11:06","slug":"buchhaltung","status":"publish","type":"page","link":"https:\/\/www.stb-huemer.at\/stb\/buchhaltung\/","title":{"rendered":"Buchhaltung"},"content":{"rendered":"<p>Mal ehrlich &#8211; Buchhaltung ist nichts f\u00fcr die Abendstunden, wenn Sie tags\u00fcber schon viel Leistung in Ihrem Metier bringen mussten. Buchhaltung ist auch nicht nur dazu da,\u00a0um die gesetzlichen Vorschriften einzuhalten.<\/p>\n<p>Buchhaltung gibt Ihnen als UnternehmerIn wertvolle Informationen &#8211; und je schneller und besser diese aufbereitet sind, desto eher k\u00f6nnen Sie im Business-Alltag auf neue Entwicklungen reagieren. Also lassen Sie uns Profis ran, wir werden Sie mit monatlichen Reports\u00a0bei der Betriebsf\u00fchrung unterst\u00fctzen, und Sie k\u00f6nnen sich in der Zwischenzeit voll auf Ihre Kernaufgaben\u00a0und das Wohl Ihres Unternehmens konzentrieren.<\/p>\n","protected":false},"excerpt":{"rendered":"<p>Mal ehrlich &#8211; Buchhaltung ist nichts f\u00fcr die Abendstunden, wenn Sie tags\u00fcber schon viel Leistung in Ihrem Metier bringen mussten. Buchhaltung ist auch nicht nur dazu da,\u00a0um die gesetzlichen Vorschriften&hellip; <br \/><a class=\"read-more-button\" href=\"https:\/\/www.stb-huemer.at\/stb\/buchhaltung\/\">Mehr Lesen<\/a><\/p>\n","protected":false},"author":1,"featured_media":0,"parent":0,"menu_order":0,"comment_status":"closed","ping_status":"closed","template":"","meta":{"footnotes":""},"class_list":["post-18","page","type-page","status-publish","hentry"],"_links":{"self":[{"href":"https:\/\/www.stb-huemer.at\/stb\/wp-json\/wp\/v2\/pages\/18","targetHints":{"allow":["GET"]}}],"collection":[{"href":"https:\/\/www.stb-huemer.at\/stb\/wp-json\/wp\/v2\/pages"}],"about":[{"href":"https:\/\/www.stb-huemer.at\/stb\/wp-json\/wp\/v2\/types\/page"}],"author":[{"embeddable":true,"href":"https:\/\/www.stb-huemer.at\/stb\/wp-json\/wp\/v2\/users\/1"}],"replies":[{"embeddable":true,"href":"https:\/\/www.stb-huemer.at\/stb\/wp-json\/wp\/v2\/comments?post=18"}],"version-history":[{"count":0,"href":"https:\/\/www.stb-huemer.at\/stb\/wp-json\/wp\/v2\/pages\/18\/revisions"}],"wp:attachment":[{"href":"https:\/\/www.stb-huemer.at\/stb\/wp-json\/wp\/v2\/media?parent=18"}],"curies":[{"name":"wp","href":"https:\/\/api.w.org\/{rel}","templated":true}]}}