{"id":1358,"date":"2019-08-27T14:44:29","date_gmt":"2019-08-27T12:44:29","guid":{"rendered":"https:\/\/www.stb-huemer.at\/stb\/?page_id=1358"},"modified":"2021-09-01T09:40:58","modified_gmt":"2021-09-01T08:40:58","slug":"karriere-bei-uns","status":"publish","type":"page","link":"https:\/\/www.stb-huemer.at\/stb\/team\/karriere-bei-uns\/","title":{"rendered":"Karriere bei uns"},"content":{"rendered":"<p>Engagierte und gut ausgebildete Mitarbeiter sind Mangelware &#8211; das wissen wir alle. <em><strong>Auch wenn hier keine spezielle Position ausgeschrieben ist, freuen wir uns \u00fcber Ihre Initiativbewerbung. Senden Sie Ihre Bewerbungsunterlagen an office[at]stb-huemer.at<\/strong><\/em><\/p>\n<p>Unsere Kanzlei bietet engagierten (Bilanz-)BuchhalterInnen und LohnverrechnerInnen sowohl in Teilzeit als auch in Vollzeit ein angenehmes Betriebsklima, ausreichend Parkpl\u00e4tze in der Umgebung und einen langfristigen Arbeitsplatz. Auch \u00e4ltere Semester, die nur mehr in Teilzeit arbeiten wollen, sollten sich angesprochen f\u00fchlen, da wir sehr wohl ihre Erfahrung zu sch\u00e4tzen wissen.<\/p>\n<p><strong><em>Welche Berufsgruppen gibt es bei uns?<\/em><\/strong><\/p>\n<ul>\n<li>Finanz- und Rechnungswesenassistent\/in<\/li>\n<li>Buchhalter\/in<\/li>\n<li>Bilanzbuchhalter\/in<\/li>\n<li>Lohnverrechner\/in<\/li>\n<\/ul>\n<p><strong><em>Welche Voraussetzungen bringen Sie mit?<\/em><\/strong><\/p>\n<ul>\n<li>BMD NTCS ist kein Fremdwort f\u00fcr Sie, sondern Sie haben schon l\u00e4nger damit gearbeitet<\/li>\n<li>Ihre grundlegende Berufsausbildung ist bereits abgeschlossen<\/li>\n<li>Sie sind gew\u00f6hnt, selbst\u00e4ndig und verantwortungsbewusst zu arbeiten<\/li>\n<\/ul>\n<hr \/>\n<p style=\"padding-left: 40px;\"><em><strong>freie Stellen bei uns:<\/strong><\/em><\/p>\n<p style=\"padding-left: 40px;\">Derzeit suchen wir zur Verst\u00e4rkung unseres Teams<\/p>\n<ul>\n<li style=\"list-style-type: none;\">\n<ul>\n<li style=\"list-style-type: none;\">\n<ul>\n<li style=\"list-style-type: none;\">\n<ul>\n<li><b><i>derzeit\u00a0 keine<\/i><\/b><\/li>\n<\/ul>\n<\/li>\n<\/ul>\n<\/li>\n<\/ul>\n<\/li>\n<\/ul>\n","protected":false},"excerpt":{"rendered":"<p>Engagierte und gut ausgebildete Mitarbeiter sind Mangelware &#8211; das wissen wir alle. Auch wenn hier keine spezielle Position ausgeschrieben ist, freuen wir uns \u00fcber Ihre Initiativbewerbung. Senden Sie Ihre Bewerbungsunterlagen&hellip; <br \/><a class=\"read-more-button\" href=\"https:\/\/www.stb-huemer.at\/stb\/team\/karriere-bei-uns\/\">Mehr Lesen<\/a><\/p>\n","protected":false},"author":1,"featured_media":0,"parent":120,"menu_order":0,"comment_status":"closed","ping_status":"closed","template":"","meta":{"footnotes":""},"class_list":["post-1358","page","type-page","status-publish","hentry"],"_links":{"self":[{"href":"https:\/\/www.stb-huemer.at\/stb\/wp-json\/wp\/v2\/pages\/1358","targetHints":{"allow":["GET"]}}],"collection":[{"href":"https:\/\/www.stb-huemer.at\/stb\/wp-json\/wp\/v2\/pages"}],"about":[{"href":"https:\/\/www.stb-huemer.at\/stb\/wp-json\/wp\/v2\/types\/page"}],"author":[{"embeddable":true,"href":"https:\/\/www.stb-huemer.at\/stb\/wp-json\/wp\/v2\/users\/1"}],"replies":[{"embeddable":true,"href":"https:\/\/www.stb-huemer.at\/stb\/wp-json\/wp\/v2\/comments?post=1358"}],"version-history":[{"count":0,"href":"https:\/\/www.stb-huemer.at\/stb\/wp-json\/wp\/v2\/pages\/1358\/revisions"}],"up":[{"embeddable":true,"href":"https:\/\/www.stb-huemer.at\/stb\/wp-json\/wp\/v2\/pages\/120"}],"wp:attachment":[{"href":"https:\/\/www.stb-huemer.at\/stb\/wp-json\/wp\/v2\/media?parent=1358"}],"curies":[{"name":"wp","href":"https:\/\/api.w.org\/{rel}","templated":true}]}}