{"id":120,"date":"2015-04-06T14:50:34","date_gmt":"2015-04-06T12:50:34","guid":{"rendered":"http:\/\/www.stb-huemer.at\/stb\/?page_id=120"},"modified":"2026-01-08T09:25:20","modified_gmt":"2026-01-08T08:25:20","slug":"team","status":"publish","type":"page","link":"https:\/\/www.stb-huemer.at\/stb\/team\/","title":{"rendered":"Unser Team"},"content":{"rendered":"<p>&nbsp;<\/p>\n<p style=\"text-align: center;\">Klein, aber fein &#8211; unser Team von Professionisten, f\u00fcr die Sie dennoch Mensch bleiben und nicht zur Nummer werden. Wir finden praktikable L\u00f6sungen f\u00fcr Sie, auch wenn das gesetzliche Umfeld immer schwieriger wird. Wir helfen Ihnen beim Navigieren im Steuer-Dschungel.<\/p>\n<hr \/>\n<div id=\"attachment_13\" style=\"width: 120px\" class=\"wp-caption alignleft\"><a href=\"https:\/\/www.stb-huemer.at\/stb\/wp-content\/uploads\/2015\/03\/d27aXIV050-e1500539970277.jpg\"><img loading=\"lazy\" decoding=\"async\" aria-describedby=\"caption-attachment-13\" class=\"wp-image-13 size-full\" src=\"https:\/\/www.stb-huemer.at\/stb\/wp-content\/uploads\/2015\/03\/d27aXIV050-e1500539970277.jpg\" alt=\"Foto (c) wildbild, Salzburg\" width=\"110\" height=\"141\" \/><\/a><p id=\"caption-attachment-13\" class=\"wp-caption-text\">Mag. Harald Huemer<\/p><\/div>\n<p>&nbsp;<\/p>\n<p>Umgr\u00fcndungen, Neugr\u00fcndungen, Firmenzusammenschl\u00fcsse<br \/>\nSanierungsberatungen, Steueroptimierung<br \/>\nauch technische Unterst\u00fctzung f\u00fcr Cloudl\u00f6sungen<\/p>\n<p>Terminvereinbarungen unter 07224\/22472-0 oder office[at]stb-huemer.at<\/p>\n<p>&nbsp;<\/p>\n<p>&nbsp;<\/p>\n<hr \/>\n<div id=\"attachment_144\" style=\"width: 120px\" class=\"wp-caption alignleft\"><img loading=\"lazy\" decoding=\"async\" aria-describedby=\"caption-attachment-144\" class=\"wp-image-144\" src=\"https:\/\/www.stb-huemer.at\/stb\/wp-content\/uploads\/2015\/09\/d27aXIV011-e1500540501594.jpg\" alt=\"Foto (c) wildbild, Salzburg\" width=\"110\" height=\"135\" \/><p id=\"caption-attachment-144\" class=\"wp-caption-text\">Roland Vielguth<\/p><\/div>\n<p>&nbsp;<\/p>\n<p>Bilanzierung, Jahresabschl\u00fcsse<br \/>\nSpezialist f\u00fcr Trafikantengewerbe<\/p>\n<p>vielguth[at]stb-huemer.at<br \/>\nTelefon 07224\/22472 DW 19<\/p>\n<p>&nbsp;<\/p>\n<hr \/>\n<div id=\"attachment_2745\" style=\"width: 111px\" class=\"wp-caption alignleft\"><a href=\"https:\/\/www.stb-huemer.at\/stb\/wp-content\/uploads\/2021\/09\/OCaktuell-e1630485803792.jpg\"><img loading=\"lazy\" decoding=\"async\" aria-describedby=\"caption-attachment-2745\" class=\"wp-image-2745\" src=\"https:\/\/www.stb-huemer.at\/stb\/wp-content\/uploads\/2021\/09\/OCaktuell-e1630485803792.jpg\" alt=\"\" width=\"101\" height=\"135\" \/><\/a><p id=\"caption-attachment-2745\" class=\"wp-caption-text\">Claudia Oberreiter<\/p><\/div>\n<p>&nbsp;<\/p>\n<p>Lohnverrechnung<br \/>\nBuchhaltung<\/p>\n<p>oberreiter[at]stb-huemer.at<br \/>\nTelefon 07224\/22472 DW 14<\/p>\n<p>&nbsp;<\/p>\n<p>&nbsp;<\/p>\n<hr \/>\n<div id=\"attachment_4108\" style=\"width: 90px\" class=\"wp-caption alignleft\"><a href=\"https:\/\/www.stb-huemer.at\/stb\/wp-content\/uploads\/2022\/12\/michaela-e1671440031164.jpeg\"><img loading=\"lazy\" decoding=\"async\" aria-describedby=\"caption-attachment-4108\" class=\"wp-image-4108\" src=\"https:\/\/www.stb-huemer.at\/stb\/wp-content\/uploads\/2022\/12\/michaela-e1671440019208-400x804.jpeg\" alt=\"\" width=\"80\" height=\"160\" \/><\/a><p id=\"caption-attachment-4108\" class=\"wp-caption-text\">Michaela Mahringer BA<\/p><\/div>\n<p>&nbsp;<\/p>\n<p>&nbsp;<\/p>\n<p>Buchhaltung<\/p>\n<p>mahringer[at]stb-huemer.at<br \/>\nTelefon 07224\/22472 DW 17<\/p>\n<p>&nbsp;<\/p>\n<hr \/>\n<p>&nbsp;<\/p>\n<div id=\"attachment_4013\" style=\"width: 124px\" class=\"wp-caption alignleft\"><a href=\"https:\/\/www.stb-huemer.at\/stb\/wp-content\/uploads\/2022\/12\/petra.jpg\"><img loading=\"lazy\" decoding=\"async\" aria-describedby=\"caption-attachment-4013\" class=\"wp-image-4013 \" src=\"https:\/\/www.stb-huemer.at\/stb\/wp-content\/uploads\/2022\/12\/petra-150x150.jpg\" alt=\"\" width=\"114\" height=\"114\" \/><\/a><p id=\"caption-attachment-4013\" class=\"wp-caption-text\">Petra Birngruber<\/p><\/div>\n<p>&nbsp;<\/p>\n<p>Finanz- und Rechnungswesen<br \/>\nBuchhaltung<\/p>\n<p>birngruber[at]stb-huemer.at<br \/>\nTelefon 07224\/22472 DW 13<\/p>\n<p>&nbsp;<\/p>\n<hr \/>\n<p>&nbsp;<\/p>\n<div id=\"attachment_2656\" style=\"width: 135px\" class=\"wp-caption alignleft\"><img loading=\"lazy\" decoding=\"async\" aria-describedby=\"caption-attachment-2656\" class=\"wp-image-2656 size-full\" src=\"https:\/\/www.stb-huemer.at\/stb\/wp-content\/uploads\/2021\/06\/monika_hofmann-e1623066276751.jpg\" alt=\"\" width=\"125\" height=\"138\" \/><p id=\"caption-attachment-2656\" class=\"wp-caption-text\">Monika Hofmann<\/p><\/div>\n<p>&nbsp;<\/p>\n<p>Finanz- und Rechnungswesen<br \/>\nBuchhaltung<\/p>\n<p>hofmann[at]stb-huemer.at<br \/>\nTelefon 07224\/22472 DW 18<\/p>\n<p>&nbsp;<\/p>\n<p>&nbsp;<\/p>\n<hr \/>\n<div id=\"attachment_921\" style=\"width: 138px\" class=\"wp-caption alignleft\"><img loading=\"lazy\" decoding=\"async\" aria-describedby=\"caption-attachment-921\" class=\"size-full wp-image-921\" src=\"https:\/\/www.stb-huemer.at\/stb\/wp-content\/uploads\/2018\/07\/elisabeth-e1531997744290.jpg\" alt=\"\" width=\"128\" height=\"123\" \/><p id=\"caption-attachment-921\" class=\"wp-caption-text\">Elisabeth Holzweber<\/p><\/div>\n<p>&nbsp;<\/p>\n<p>Buchhaltung<\/p>\n<p>geringf\u00fcgig im Homeoffice<br \/>\nnur per Email erreichbar<br \/>\nholzweber[at]stb-huemer.at<\/p>\n<p>&nbsp;<\/p>\n<hr \/>\n<p>&nbsp;<\/p>\n<div id=\"attachment_5130\" style=\"width: 135px\" class=\"wp-caption alignleft\"><a href=\"https:\/\/www.stb-huemer.at\/stb\/wp-content\/uploads\/2024\/09\/johanna_092024.jpg\"><img loading=\"lazy\" decoding=\"async\" aria-describedby=\"caption-attachment-5130\" class=\"wp-image-5130\" src=\"https:\/\/www.stb-huemer.at\/stb\/wp-content\/uploads\/2024\/09\/johanna_092024-280x300.jpg\" alt=\"\" width=\"125\" height=\"134\" srcset=\"https:\/\/www.stb-huemer.at\/stb\/wp-content\/uploads\/2024\/09\/johanna_092024-280x300.jpg 280w, https:\/\/www.stb-huemer.at\/stb\/wp-content\/uploads\/2024\/09\/johanna_092024-150x161.jpg 150w, https:\/\/www.stb-huemer.at\/stb\/wp-content\/uploads\/2024\/09\/johanna_092024.jpg 300w\" sizes=\"auto, (max-width: 125px) 100vw, 125px\" \/><\/a><p id=\"caption-attachment-5130\" class=\"wp-caption-text\">Johanna Bressler<\/p><\/div>\n<p>interne Organisation<br \/>\nWebseite und Newsletter<\/p>\n<p>bressler[at]stb-huemer.at<br \/>\nTelefon 07224\/22472 DW 25<\/p>\n<p>&nbsp;<\/p>\n<p>&nbsp;<\/p>\n<hr \/>\n<p>&nbsp;<\/p>\n","protected":false},"excerpt":{"rendered":"<p>&nbsp; Klein, aber fein &#8211; unser Team von Professionisten, f\u00fcr die Sie dennoch Mensch bleiben und nicht zur Nummer werden. Wir finden praktikable L\u00f6sungen f\u00fcr Sie, auch wenn das gesetzliche&hellip; <br \/><a class=\"read-more-button\" href=\"https:\/\/www.stb-huemer.at\/stb\/team\/\">Mehr Lesen<\/a><\/p>\n","protected":false},"author":1,"featured_media":0,"parent":0,"menu_order":0,"comment_status":"closed","ping_status":"closed","template":"","meta":{"footnotes":""},"class_list":["post-120","page","type-page","status-publish","hentry"],"_links":{"self":[{"href":"https:\/\/www.stb-huemer.at\/stb\/wp-json\/wp\/v2\/pages\/120","targetHints":{"allow":["GET"]}}],"collection":[{"href":"https:\/\/www.stb-huemer.at\/stb\/wp-json\/wp\/v2\/pages"}],"about":[{"href":"https:\/\/www.stb-huemer.at\/stb\/wp-json\/wp\/v2\/types\/page"}],"author":[{"embeddable":true,"href":"https:\/\/www.stb-huemer.at\/stb\/wp-json\/wp\/v2\/users\/1"}],"replies":[{"embeddable":true,"href":"https:\/\/www.stb-huemer.at\/stb\/wp-json\/wp\/v2\/comments?post=120"}],"version-history":[{"count":2,"href":"https:\/\/www.stb-huemer.at\/stb\/wp-json\/wp\/v2\/pages\/120\/revisions"}],"predecessor-version":[{"id":5819,"href":"https:\/\/www.stb-huemer.at\/stb\/wp-json\/wp\/v2\/pages\/120\/revisions\/5819"}],"wp:attachment":[{"href":"https:\/\/www.stb-huemer.at\/stb\/wp-json\/wp\/v2\/media?parent=120"}],"curies":[{"name":"wp","href":"https:\/\/api.w.org\/{rel}","templated":true}]}}